{"id":98,"date":"2024-01-15T17:53:42","date_gmt":"2024-01-15T15:53:42","guid":{"rendered":"https:\/\/caucusdesfemmes.net\/?page_id=98"},"modified":"2024-01-15T18:02:05","modified_gmt":"2024-01-15T16:02:05","slug":"contacts","status":"publish","type":"page","link":"https:\/\/caucusdesfemmes.net\/index.php\/contacts\/","title":{"rendered":"CONTACTS"},"content":{"rendered":"\n<p>Pr\u00e9sidente&nbsp;: +243(0) 99838214 0<\/p>\n\n\n\n<p>Secr\u00e9taire Ex\u00e9cutive&nbsp;: +243(0) 997&nbsp;734 151<\/p>\n\n\n\n<p>&nbsp;E-mail&nbsp;: <a href=\"mailto:caucusdesfemmes@gmail.com%20\">caucusdesfemmes@gmail.com<\/a><\/p>\n\n\n\n<p>Facebook&nbsp;: <a href=\"https:\/\/www.facebook.com\/caucusdefemmes?mibextid=ZbWKwL\" target=\"_blank\" rel=\"noopener\" title=\"\">https:\/\/www.facebook.com\/caucusdefemmes?mibextid=ZbWKwL<\/a><\/p>\n\n\n\n<p> Adresse physique\u00a0: Av.Mbaki\u00a0 N\u00b0043 Commune d&rsquo;Ibanda, Bukavu, Sud Kivu, RD Congo<\/p>\n\n\n\n<p><strong>Vous pouvez nous laisser un message sur ce formulaire.<\/strong><\/p>\n\n\n<div class=\"wpforms-container wpforms-container-full wpforms-block wpforms-block-8fe785e9-6596-4f18-a731-9baa2cd168b3 wpforms-render-modern\" id=\"wpforms-100\"><form id=\"wpforms-form-100\" class=\"wpforms-validate wpforms-form wpforms-ajax-form\" data-formid=\"100\" method=\"post\" enctype=\"multipart\/form-data\" action=\"\/index.php\/wp-json\/wp\/v2\/pages\/98\" data-token=\"00608af766f73ba757ad02cb1cba7197\" data-token-time=\"1778133247\"><noscript class=\"wpforms-error-noscript\">Veuillez activer JavaScript dans votre navigateur pour remplir ce formulaire.<\/noscript><div id=\"wpforms-error-noscript\" style=\"display: none;\">Veuillez activer JavaScript dans votre navigateur pour remplir ce formulaire.<\/div><div class=\"wpforms-field-container\"><div id=\"wpforms-100-field_0-container\" class=\"wpforms-field wpforms-field-name\" data-field-id=\"0\"><fieldset><legend class=\"wpforms-field-label\">Nom <span class=\"wpforms-required-label\" aria-hidden=\"true\">*<\/span><\/legend><div class=\"wpforms-field-row wpforms-field-medium\"><div class=\"wpforms-field-row-block wpforms-first wpforms-one-half\"><input type=\"text\" id=\"wpforms-100-field_0\" class=\"wpforms-field-name-first wpforms-field-required\" name=\"wpforms[fields][0][first]\" aria-errormessage=\"wpforms-100-field_0-error\" required><label for=\"wpforms-100-field_0\" class=\"wpforms-field-sublabel after\">Pr\u00e9nom<\/label><\/div><div class=\"wpforms-field-row-block wpforms-one-half\"><input type=\"text\" id=\"wpforms-100-field_0-last\" class=\"wpforms-field-name-last wpforms-field-required\" name=\"wpforms[fields][0][last]\" aria-errormessage=\"wpforms-100-field_0-last-error\" required><label for=\"wpforms-100-field_0-last\" class=\"wpforms-field-sublabel after\">Nom<\/label><\/div><\/div><\/fieldset><\/div><div id=\"wpforms-100-field_1-container\" class=\"wpforms-field wpforms-field-email\" data-field-id=\"1\"><label class=\"wpforms-field-label\" for=\"wpforms-100-field_1\">E-mail <span class=\"wpforms-required-label\" aria-hidden=\"true\">*<\/span><\/label><input type=\"email\" id=\"wpforms-100-field_1\" class=\"wpforms-field-medium wpforms-field-required\" name=\"wpforms[fields][1]\" spellcheck=\"false\" aria-errormessage=\"wpforms-100-field_1-error\" required><\/div><div id=\"wpforms-100-field_2-container\" class=\"wpforms-field wpforms-field-textarea\" data-field-id=\"2\"><label class=\"wpforms-field-label\" for=\"wpforms-100-field_2\">Commentaire ou message<\/label><textarea id=\"wpforms-100-field_2\" class=\"wpforms-field-medium\" name=\"wpforms[fields][2]\" aria-errormessage=\"wpforms-100-field_2-error\" ><\/textarea><\/div><\/div><!-- .wpforms-field-container --><div class=\"wpforms-submit-container\" ><input type=\"hidden\" name=\"wpforms[id]\" value=\"100\"><input type=\"hidden\" name=\"page_title\" value=\"\"><input type=\"hidden\" name=\"page_url\" value=\"https:\/\/caucusdesfemmes.net\/index.php\/wp-json\/wp\/v2\/pages\/98\"><input type=\"hidden\" name=\"url_referer\" value=\"\"><button type=\"submit\" name=\"wpforms[submit]\" id=\"wpforms-submit-100\" class=\"wpforms-submit\" data-alt-text=\"Envoi...\" data-submit-text=\"Envoyer\" aria-live=\"assertive\" value=\"wpforms-submit\">Envoyer<\/button><img loading=\"lazy\" decoding=\"async\" src=\"https:\/\/caucusdesfemmes.net\/wp-content\/plugins\/wpforms-lite\/assets\/images\/submit-spin.svg\" class=\"wpforms-submit-spinner\" style=\"display: none;\" width=\"26\" height=\"26\" alt=\"Chargement en cours\"><\/div><\/form><\/div>  <!-- .wpforms-container -->","protected":false},"excerpt":{"rendered":"<p>Pr\u00e9sidente&nbsp;: +243(0) 99838214 0 Secr\u00e9taire Ex\u00e9cutive&nbsp;: +243(0) 997&nbsp;734 151 &nbsp;E-mail&nbsp;: caucusdesfemmes@gmail.com Facebook&nbsp;: https:\/\/www.facebook.com\/caucusdefemmes?mibextid=ZbWKwL Adresse physique\u00a0: Av.Mbaki\u00a0 N\u00b0043 Commune d&rsquo;Ibanda, Bukavu, Sud Kivu, RD Congo Vous pouvez nous laisser un message&hellip; <\/p>\n","protected":false},"author":1,"featured_media":0,"parent":0,"menu_order":0,"comment_status":"closed","ping_status":"closed","template":"","meta":{"_monsterinsights_skip_tracking":false,"_monsterinsights_sitenote_active":false,"_monsterinsights_sitenote_note":"","_monsterinsights_sitenote_category":0,"footnotes":""},"aioseo_notices":[],"_links":{"self":[{"href":"https:\/\/caucusdesfemmes.net\/index.php\/wp-json\/wp\/v2\/pages\/98"}],"collection":[{"href":"https:\/\/caucusdesfemmes.net\/index.php\/wp-json\/wp\/v2\/pages"}],"about":[{"href":"https:\/\/caucusdesfemmes.net\/index.php\/wp-json\/wp\/v2\/types\/page"}],"author":[{"embeddable":true,"href":"https:\/\/caucusdesfemmes.net\/index.php\/wp-json\/wp\/v2\/users\/1"}],"replies":[{"embeddable":true,"href":"https:\/\/caucusdesfemmes.net\/index.php\/wp-json\/wp\/v2\/comments?post=98"}],"version-history":[{"count":4,"href":"https:\/\/caucusdesfemmes.net\/index.php\/wp-json\/wp\/v2\/pages\/98\/revisions"}],"predecessor-version":[{"id":107,"href":"https:\/\/caucusdesfemmes.net\/index.php\/wp-json\/wp\/v2\/pages\/98\/revisions\/107"}],"wp:attachment":[{"href":"https:\/\/caucusdesfemmes.net\/index.php\/wp-json\/wp\/v2\/media?parent=98"}],"curies":[{"name":"wp","href":"https:\/\/api.w.org\/{rel}","templated":true}]}}