{"id":51,"date":"2024-01-15T15:02:42","date_gmt":"2024-01-15T14:02:42","guid":{"rendered":"https:\/\/caucusdesfemmes.net\/?page_id=51"},"modified":"2024-01-18T14:43:25","modified_gmt":"2024-01-18T12:43:25","slug":"notre-rayon-daction","status":"publish","type":"page","link":"https:\/\/caucusdesfemmes.net\/index.php\/notre-rayon-daction\/","title":{"rendered":"Notre rayon d&rsquo;action"},"content":{"rendered":"\n<p>`<br>Nous sommes une organisation de la Soci\u00e9t\u00e9 Civile de Droit Congolais et un r\u00e9seau inclusif qui milite pour la d\u00e9fense des droits humains et l\u2019\u00e9galit\u00e9 de Genre fond\u00e9 en mars 2003. Il intervient dans les <em><strong>huit territoires du Sud Kivu (Kabare, Kalehe , Uvira, Fizi, Idjwi, Shabunda, Walungu, Mwenga) et la ville de Bukavu<\/strong><\/em>.  Nos \u00a0diff\u00e9rentes actions \u00a0sont mises en \u0153uvre au niveau communautaire et local, provincial \u00a0et sont \u00a0renforc\u00e9es par des actions de plaidoyer\u00a0 \u00e0 tout les niveaux (national, r\u00e9gional et international) dans une approche synergique. Le caucus des femmes dispose d&rsquo;un r\u00e9seau de partenaires locaux et internationaux qui lui permettent d&rsquo;avoir un rayon d&rsquo;action \u00e9tendu, efficace et effectif.<\/p>\n","protected":false},"excerpt":{"rendered":"<p>`Nous sommes une organisation de la Soci\u00e9t\u00e9 Civile de Droit Congolais et un r\u00e9seau inclusif qui milite pour la d\u00e9fense des droits humains et l\u2019\u00e9galit\u00e9 de Genre fond\u00e9 en mars&hellip; <\/p>\n","protected":false},"author":1,"featured_media":0,"parent":0,"menu_order":0,"comment_status":"closed","ping_status":"closed","template":"","meta":{"_monsterinsights_skip_tracking":false,"_monsterinsights_sitenote_active":false,"_monsterinsights_sitenote_note":"","_monsterinsights_sitenote_category":0,"footnotes":""},"aioseo_notices":[],"_links":{"self":[{"href":"https:\/\/caucusdesfemmes.net\/index.php\/wp-json\/wp\/v2\/pages\/51"}],"collection":[{"href":"https:\/\/caucusdesfemmes.net\/index.php\/wp-json\/wp\/v2\/pages"}],"about":[{"href":"https:\/\/caucusdesfemmes.net\/index.php\/wp-json\/wp\/v2\/types\/page"}],"author":[{"embeddable":true,"href":"https:\/\/caucusdesfemmes.net\/index.php\/wp-json\/wp\/v2\/users\/1"}],"replies":[{"embeddable":true,"href":"https:\/\/caucusdesfemmes.net\/index.php\/wp-json\/wp\/v2\/comments?post=51"}],"version-history":[{"count":2,"href":"https:\/\/caucusdesfemmes.net\/index.php\/wp-json\/wp\/v2\/pages\/51\/revisions"}],"predecessor-version":[{"id":129,"href":"https:\/\/caucusdesfemmes.net\/index.php\/wp-json\/wp\/v2\/pages\/51\/revisions\/129"}],"wp:attachment":[{"href":"https:\/\/caucusdesfemmes.net\/index.php\/wp-json\/wp\/v2\/media?parent=51"}],"curies":[{"name":"wp","href":"https:\/\/api.w.org\/{rel}","templated":true}]}}