{"id":5,"date":"2024-01-15T11:41:41","date_gmt":"2024-01-15T10:41:41","guid":{"rendered":"https:\/\/caucusdesfemmes.net\/?page_id=5"},"modified":"2024-01-15T17:45:38","modified_gmt":"2024-01-15T15:45:38","slug":"accueil","status":"publish","type":"page","link":"https:\/\/caucusdesfemmes.net\/index.php\/accueil\/","title":{"rendered":"A propos de nous"},"content":{"rendered":"\n<div class=\"wp-block-columns is-layout-flex wp-container-core-columns-layout-1 wp-block-columns-is-layout-flex\">\n<div class=\"wp-block-column is-layout-flow wp-block-column-is-layout-flow\" style=\"flex-basis:66.66%\">\n<p>Nous sommes une organisation de la Soci\u00e9t\u00e9 Civile de Droit Congolais et un r\u00e9seau inclusif qui milite pour la d\u00e9fense des droits humains et l\u2019\u00e9galit\u00e9 de Genre mars 2003. Nous sommes une dynamique inclusive, regroupant des organisations et des individus de toutes tendances et id\u00e9ologies diff\u00e9rentes provenant des 8 territoires de la province du Sud Kivu et la ville de Bukavu, qui est notre rayon d\u2019action. Nos diff\u00e9rentes actions sont mises en \u0153uvre au niveau communautaire et local, provincial et sont renforc\u00e9es par des actions de plaidoyer \u00e0 tout les niveaux (national, r\u00e9gional et international) dans une approche synergique.<\/p>\n<\/div>\n\n\n\n<div class=\"wp-block-column is-layout-flow wp-block-column-is-layout-flow\" style=\"flex-basis:33.33%\">\n<p><\/p>\n<\/div>\n<\/div>\n\n\n\n<p><\/p>\n\n\n\n<p><strong>NOTRE VISION<\/strong><\/p>\n\n\n\n<p>Une soci\u00e9t\u00e9 o\u00f9 r\u00e8gnent la paix, le respect des droits humains, l\u2019\u00e9galit\u00e9 de genre et l&rsquo;autonomisation socio \u00e9conomique de la femme gr\u00e2ce \u00e0 son leadership inclusif et efficace.<\/p>\n\n\n\n<p><strong>NOTRE MISSION<\/strong><\/p>\n\n\n\n<p>Demeurer un cadre de concertation et de synergie pour le plaidoyer, l\u2019accompagnement juridique et judiciaire et le renforcement des capacit\u00e9s pour l\u2019am\u00e9lioration du statut socio \u00e9conomique et politique de la femme, ainsi que de son leadership efficace et efficient pour la promotion de la paix.<\/p>\n\n\n\n<p><strong>NOS OBJECTIFS<\/strong><\/p>\n\n\n\n<ul>\n<li>Promouvoir le respect des droits humains et &nbsp;&nbsp;l\u2019\u00e9galit\u00e9 de genre<\/li>\n\n\n\n<li>Am\u00e9liorer l\u2019acc\u00e8s des femmes \u00e0 la justice&nbsp;;<\/li>\n\n\n\n<li>Accro\u00eetre&nbsp; le leadership et la participation politique de la femme pour l&rsquo;am\u00e9lioration de la gouvernance&nbsp;;<\/li>\n\n\n\n<li>Favoriser la communication efficace et efficiente des femmes leaders&nbsp;;<\/li>\n\n\n\n<li>Renforcer l&rsquo;implication des femmes et des filles dans la consolidation de la paix ;<\/li>\n\n\n\n<li>Contribuer \u00e0 l&rsquo;am\u00e9lioration des capacit\u00e9s socio \u00e9conomiques et culturelles de la femme ;<\/li>\n\n\n\n<li>Susciter l\u2019implication de la femme dans protection de l&rsquo;environnement&nbsp;;<\/li>\n\n\n\n<li>Accroitre l\u2019implication active des jeunes et des hommes dans la mobilisation en faveur de Droit des femmes<\/li>\n<\/ul>\n\n\n\n<p><strong>NOS VALEURS<\/strong><\/p>\n\n\n\n<p>&#8211; <strong>Morales&nbsp;:<\/strong><\/p>\n\n\n\n<ul>\n<li>Inclusivit\u00e9<\/li>\n\n\n\n<li>Ind\u00e9pendance<\/li>\n\n\n\n<li>La non- inf\u00e9odation<\/li>\n<\/ul>\n\n\n\n<p><strong>-D\u00e9mocratiques&nbsp;:<\/strong><\/p>\n\n\n\n<ul>\n<li>La paix<\/li>\n\n\n\n<li>L\u2019\u00e9galit\u00e9<\/li>\n\n\n\n<li>L\u2019\u00e9quit\u00e9<\/li>\n\n\n\n<li>La justice<\/li>\n<\/ul>\n\n\n\n<p><strong>NOS MEMBRES \/ COMPOSANTES<\/strong><\/p>\n\n\n\n<ul>\n<li>L\u2019Assembl\u00e9e G\u00e9n\u00e9rale<\/li>\n\n\n\n<li>Un Comit\u00e9 Directeur<\/li>\n\n\n\n<li>Un Comit\u00e9 de contr\u00f4le<\/li>\n\n\n\n<li>Un Secr\u00e9tariat ex\u00e9cutif\/Coordination<\/li>\n\n\n\n<li>Les noyaux territoriaux de paix<\/li>\n<\/ul>\n\n\n\n<p><strong>QUI PEUT ETRE MEMBRE DU CAUCUS DE FEMMES POUR LA PAIX ?<\/strong><\/p>\n\n\n\n<p>Toute personne, femme ou homme, de nationalit\u00e9 congolaise ou non qui adh\u00e8re librement \u00e0 l\u2019esprit caucus et appartenant aux composantes suivantes :<\/p>\n\n\n\n<ul>\n<li>Mouvement associatif<\/li>\n\n\n\n<li>Confession religieuse<\/li>\n\n\n\n<li>Fonction publique<\/li>\n\n\n\n<li>Professions lib\u00e9rales<\/li>\n\n\n\n<li>M\u00e9dias<\/li>\n\n\n\n<li>Femmes politiques<\/li>\n\n\n\n<li>Femmes du secteur informel<\/li>\n\n\n\n<li>Etudiant(es)<\/li>\n\n\n\n<li>Femmes rurales<\/li>\n\n\n\n<li>Femmes polici\u00e8res et militaires<\/li>\n\n\n\n<li>Les hommes acquis \u00e0 la cause de la femme (gender sensitive men)<\/li>\n<\/ul>\n\n\n\n<p><strong>STRATEGIES D\u2019INTERVENTION\u00a0<\/strong><\/p>\n\n\n\n<ul>\n<li>Renforcement des capacit\u00e9s<\/li>\n\n\n\n<li>sensibilisation &nbsp;et conscientisation<\/li>\n\n\n\n<li>plaidoyer et lobbying&nbsp;&nbsp;<\/li>\n\n\n\n<li>mobilisation communautaire et estudiantine<\/li>\n\n\n\n<li>rapprochement entre femmes politiques et celles de la soci\u00e9t\u00e9 civile<\/li>\n\n\n\n<li>Appartenance \u00e0 des r\u00e9seaux et travail en synergie&nbsp; au niveau local, provincial, r\u00e9gional et international<\/li>\n<\/ul>\n\n\n\n<p><strong>LES PERSPECTIVES<\/strong>.<\/p>\n\n\n\n<ul>\n<li>Elargir le rayon d\u2019action et les domaines d\u2019intervention du Caucus de femmes au de l\u00e0 du Sud-Kivu et de la RDC<\/li>\n\n\n\n<li>Renforcer la collaboration avec des organisations d\u2019autres &nbsp;provinces et &nbsp;Kinshasa pour une lutte commune ainsi que celles de la R\u00e9gion des GL &nbsp;<\/li>\n\n\n\n<li>Femmes et environnement.<\/li>\n\n\n\n<li>Femmes et mine<\/li>\n\n\n\n<li>Ecole de leadership des femmes et des jeunes filles.<\/li>\n<\/ul>\n","protected":false},"excerpt":{"rendered":"<p>Nous sommes une organisation de la Soci\u00e9t\u00e9 Civile de Droit Congolais et un r\u00e9seau inclusif qui milite pour la d\u00e9fense des droits humains et l\u2019\u00e9galit\u00e9 de Genre mars 2003. Nous&hellip; <\/p>\n","protected":false},"author":1,"featured_media":0,"parent":0,"menu_order":0,"comment_status":"closed","ping_status":"closed","template":"","meta":{"_monsterinsights_skip_tracking":false,"_monsterinsights_sitenote_active":false,"_monsterinsights_sitenote_note":"","_monsterinsights_sitenote_category":0,"footnotes":""},"aioseo_notices":[],"_links":{"self":[{"href":"https:\/\/caucusdesfemmes.net\/index.php\/wp-json\/wp\/v2\/pages\/5"}],"collection":[{"href":"https:\/\/caucusdesfemmes.net\/index.php\/wp-json\/wp\/v2\/pages"}],"about":[{"href":"https:\/\/caucusdesfemmes.net\/index.php\/wp-json\/wp\/v2\/types\/page"}],"author":[{"embeddable":true,"href":"https:\/\/caucusdesfemmes.net\/index.php\/wp-json\/wp\/v2\/users\/1"}],"replies":[{"embeddable":true,"href":"https:\/\/caucusdesfemmes.net\/index.php\/wp-json\/wp\/v2\/comments?post=5"}],"version-history":[{"count":6,"href":"https:\/\/caucusdesfemmes.net\/index.php\/wp-json\/wp\/v2\/pages\/5\/revisions"}],"predecessor-version":[{"id":90,"href":"https:\/\/caucusdesfemmes.net\/index.php\/wp-json\/wp\/v2\/pages\/5\/revisions\/90"}],"wp:attachment":[{"href":"https:\/\/caucusdesfemmes.net\/index.php\/wp-json\/wp\/v2\/media?parent=5"}],"curies":[{"name":"wp","href":"https:\/\/api.w.org\/{rel}","templated":true}]}}