{"id":45,"date":"2024-01-15T14:36:07","date_gmt":"2024-01-15T13:36:07","guid":{"rendered":"https:\/\/caucusdesfemmes.net\/?page_id=45"},"modified":"2024-01-18T11:29:26","modified_gmt":"2024-01-18T09:29:26","slug":"nos-partenaires","status":"publish","type":"page","link":"https:\/\/caucusdesfemmes.net\/index.php\/nos-partenaires\/","title":{"rendered":"Nos partenaires"},"content":{"rendered":"\n<p> Depuis sa cr\u00e9ation en 2003, le Caucus des Femmes b\u00e9n\u00e9ficie du soutien de plusieurs partenaires qui partagent sa vision et ses objectifs. Parmi ces partenaires, on peut citer :<\/p>\n\n\n\n<ul>\n<li><strong>International Alert<\/strong>, une organisation non gouvernementale qui \u0153uvre pour la pr\u00e9vention et la r\u00e9solution des conflits dans le monde, et qui appuie le Caucus des Femmes dans le renforcement de ses capacit\u00e9s, la mobilisation des ressources et le plaidoyer pour la participation des femmes \u00e0 la gouvernance et \u00e0 la consolidation de la paix. L\u2019accompagnement technique et financier d\u2019International Alert a permis au Caucus d\u2019asseoir une base solide dans la mobilisation des femmes autour de l\u2019agenda Femmes, paix et s\u00e9curit\u00e9 en focalisant l\u2019attention sur la participation, la pr\u00e9vention et la Protection. Les femmes de 8 territoires (Kabare, Kalehe&nbsp;, Uvira, Fizi, Idjwi, Shabunda, Walungu, Mwenga et la ville de Bukavu.)&nbsp;ont \u00e9t\u00e9 mobilis\u00e9es autour de &nbsp;&nbsp;leurs droits dont la participation politique et particuli\u00e8rement aux \u00e9lections de 2006&nbsp; comme \u00e9lectrices, candidates, observatrice et t\u00e9moins.<\/li>\n\n\n\n<li><strong>USAID<\/strong>, l&rsquo;agence am\u00e9ricaine pour le d\u00e9veloppement international, qui finance le projet Solution pour le Rel\u00e8vement et la Paix (SPR), mis en \u0153uvre par International Alert et ses partenaires locaux. Le SPR vise \u00e0 renforcer la coh\u00e9sion sociale, le dialogue et la r\u00e9conciliation dans les zones affect\u00e9es par les conflits en R\u00e9publique D\u00e9mocratique du Congo (RDC), et \u00e0 appuyer le Caucus des Femmes dans ses activit\u00e9s de sensibilisation, de formation et de plaidoyer.<\/li>\n\n\n\n<li><strong>La Coop\u00e9ration Suisse<\/strong>, qui soutient le Caucus des Femmes dans son r\u00f4le de facilitateur du dialogue entre les acteurs politiques et sociaux, notamment en vue des \u00e9lections. La Coop\u00e9ration Suisse contribue \u00e9galement \u00e0 renforcer les capacit\u00e9s des membres du Caucus des Femmes en mati\u00e8re de leadership, de gestion des conflits et de m\u00e9diation.<\/li>\n\n\n\n<li><strong>Women for Women International,<\/strong> une organisation qui aide les femmes survivantes de guerre \u00e0 reconstruire leur vie et \u00e0 promouvoir le changement dans leurs communaut\u00e9s. Women for Women International accompagne le Caucus des Femmes dans son travail de mobilisation des femmes au niveau local, provincial et national, et dans son plaidoyer pour l&rsquo;\u00e9galit\u00e9 des genres et les droits des femmes.<\/li>\n\n\n\n<li><strong>Kvinna till Kvinna Foundation<\/strong>, une fondation su\u00e9doise qui soutient les organisations de femmes qui travaillent pour la paix et les droits humains dans les r\u00e9gions touch\u00e9es par les conflits. Kvinna till Kvinna Foundation appuie le Caucus des Femmes dans son renforcement institutionnel, sa communication et sa visibilit\u00e9, ainsi que dans son engagement avec les acteurs r\u00e9gionaux et internationaux.<\/li>\n\n\n\n<li><strong>La Coop\u00e9ration Allemande (GIZ<\/strong>), qui finance deux projets en lien avec le Caucus des Femmes : le projet PROPAIX, qui vise \u00e0 renforcer la participation des femmes \u00e0 la pr\u00e9vention et \u00e0 la gestion des conflits au niveau local, provincial et national ; et le Programme d&rsquo;Appui au Syst\u00e8me de Sant\u00e9 (GIZ PASS), qui appuie le renforcement du syst\u00e8me de sant\u00e9 en RDC, notamment en mati\u00e8re de sant\u00e9 sexuelle et reproductive.<\/li>\n<\/ul>\n","protected":false},"excerpt":{"rendered":"<p>Depuis sa cr\u00e9ation en 2003, le Caucus des Femmes b\u00e9n\u00e9ficie du soutien de plusieurs partenaires qui partagent sa vision et ses objectifs. Parmi ces partenaires, on peut citer :<\/p>\n","protected":false},"author":1,"featured_media":0,"parent":0,"menu_order":0,"comment_status":"closed","ping_status":"closed","template":"","meta":{"_monsterinsights_skip_tracking":false,"_monsterinsights_sitenote_active":false,"_monsterinsights_sitenote_note":"","_monsterinsights_sitenote_category":0,"footnotes":""},"aioseo_notices":[],"_links":{"self":[{"href":"https:\/\/caucusdesfemmes.net\/index.php\/wp-json\/wp\/v2\/pages\/45"}],"collection":[{"href":"https:\/\/caucusdesfemmes.net\/index.php\/wp-json\/wp\/v2\/pages"}],"about":[{"href":"https:\/\/caucusdesfemmes.net\/index.php\/wp-json\/wp\/v2\/types\/page"}],"author":[{"embeddable":true,"href":"https:\/\/caucusdesfemmes.net\/index.php\/wp-json\/wp\/v2\/users\/1"}],"replies":[{"embeddable":true,"href":"https:\/\/caucusdesfemmes.net\/index.php\/wp-json\/wp\/v2\/comments?post=45"}],"version-history":[{"count":4,"href":"https:\/\/caucusdesfemmes.net\/index.php\/wp-json\/wp\/v2\/pages\/45\/revisions"}],"predecessor-version":[{"id":124,"href":"https:\/\/caucusdesfemmes.net\/index.php\/wp-json\/wp\/v2\/pages\/45\/revisions\/124"}],"wp:attachment":[{"href":"https:\/\/caucusdesfemmes.net\/index.php\/wp-json\/wp\/v2\/media?parent=45"}],"curies":[{"name":"wp","href":"https:\/\/api.w.org\/{rel}","templated":true}]}}