{"id":34,"date":"2024-01-15T13:57:33","date_gmt":"2024-01-15T12:57:33","guid":{"rendered":"https:\/\/caucusdesfemmes.net\/?page_id=34"},"modified":"2024-01-18T11:22:19","modified_gmt":"2024-01-18T09:22:19","slug":"domaines-dintervention","status":"publish","type":"page","link":"https:\/\/caucusdesfemmes.net\/index.php\/domaines-dintervention\/","title":{"rendered":"Domaines d&rsquo;intervention"},"content":{"rendered":"\n<div class=\"wp-block-group is-vertical is-layout-flex wp-container-core-group-layout-1 wp-block-group-is-layout-flex\">\n<ul>\n<li>D<strong>roits humains, acc\u00e8s \u00e0 la justice et \u00e9galit\u00e9 du genre<\/strong><\/li>\n\n\n\n<li><strong>D\u00e9mocratie , gouvernance et participation politique de la femme.<\/strong><\/li>\n\n\n\n<li><strong>Genre et consolidation de la paix.<\/strong><\/li>\n\n\n\n<li><strong>Femmes et protection de l\u2019environnement<\/strong>.<\/li>\n\n\n\n<li><strong>Autonomisation socio-\u00e9conomique et culturelle de la femme<\/strong>.<\/li>\n\n\n\n<li><strong>Femmes et mines<\/strong><\/li>\n\n\n\n<li><strong>Recherche et documentation<\/strong><\/li>\n<\/ul>\n\n\n\n<p><strong>Droits humains, acc\u00e8s \u00e0 la justice et \u00e9galit\u00e9 du genre,<\/strong><\/p>\n\n\n\n<p>Les droits humains, l&rsquo;acc\u00e8s \u00e0 la justice et l&rsquo;\u00e9galit\u00e9 du genre sont des principes fondamentaux pour la construction d&rsquo;une soci\u00e9t\u00e9 d\u00e9mocratique et inclusive. La d\u00e9mocratie, la gouvernance et la participation politique de la femme sont des moyens essentiels pour garantir le respect de ces droits et pour renforcer le r\u00f4le des femmes dans le d\u00e9veloppement \u00e9conomique, social et culturel. Il est donc n\u00e9cessaire de promouvoir des politiques publiques qui favorisent l&rsquo;autonomisation des femmes, l&rsquo;\u00e9limination de toutes les formes de discrimination et de violence, et la participation effective des femmes aux processus d\u00e9cisionnels \u00e0 tous les niveaux.<\/p>\n\n\n\n<p><strong>Genre et consolidation de la paix.&nbsp;<\/strong><\/p>\n\n\n\n<p>Le genre est une dimension essentielle de la consolidation de la paix, qui vise \u00e0 cr\u00e9er les conditions d&rsquo;une paix durable apr\u00e8s un conflit violent. Le genre d\u00e9signe les r\u00f4les, les responsabilit\u00e9s, les attentes et les opportunit\u00e9s socialement construits des femmes et des hommes, des filles et des gar\u00e7ons, ainsi que les relations de pouvoir entre eux. La consolidation de la paix implique de reconna\u00eetre et de r\u00e9pondre aux besoins sp\u00e9cifiques des diff\u00e9rents groupes de genre, ainsi que de promouvoir leur participation effective et \u00e9quitable aux processus politiques, \u00e9conomiques et sociaux qui fa\u00e7onnent la soci\u00e9t\u00e9 post-conflit.<\/p>\n\n\n\n<p><strong>Femme et protection de l\u2019environnement<\/strong>.<\/p>\n\n\n\n<p>La femme joue un r\u00f4le essentiel dans la protection de l\u2019environnement. Elle est souvent la premi\u00e8re \u00e0 subir les cons\u00e9quences des changements climatiques, de la d\u00e9gradation des sols et de la perte de biodiversit\u00e9. Elle est aussi la principale responsable de la gestion des ressources naturelles, de l\u2019agriculture et de l\u2019\u00e9ducation des enfants. La femme est donc un acteur cl\u00e9 pour promouvoir le d\u00e9veloppement durable et lutter contre les d\u00e9fis environnementaux.<\/p>\n\n\n\n<p>La femme doit \u00eatre impliqu\u00e9e dans les processus de d\u00e9cision, de planification et de mise en \u0153uvre des politiques environnementales. Elle doit b\u00e9n\u00e9ficier d\u2019un acc\u00e8s \u00e9quitable aux opportunit\u00e9s, aux droits et aux services li\u00e9s \u00e0 l\u2019environnement. Elle doit aussi renforcer ses capacit\u00e9s et ses connaissances pour adopter des pratiques \u00e9cologiques et r\u00e9silientes.<\/p>\n\n\n\n<p>La femme est une source d\u2019innovation, de cr\u00e9ativit\u00e9 et de leadership pour la protection de l\u2019environnement. Elle peut contribuer \u00e0 la diffusion des technologies vertes, \u00e0 la conservation de la diversit\u00e9 culturelle et biologique, \u00e0 la sensibilisation et \u00e0 la mobilisation des communaut\u00e9s. La femme est une force de changement pour un avenir plus vert et plus juste.<\/p>\n\n\n\n<p><strong>Autonomisation socio-\u00e9conomique et culturelle de la femme<\/strong>.<\/p>\n\n\n\n<p>L&rsquo;autonomisation socio-\u00e9conomique et culturelle de la femme est un processus qui vise \u00e0 renforcer le pouvoir d&rsquo;agir, la participation et l&rsquo;influence des femmes dans les diff\u00e9rents domaines de la soci\u00e9t\u00e9. Il s&rsquo;agit de promouvoir l&rsquo;\u00e9galit\u00e9 des droits, des opportunit\u00e9s et des ressources entre les femmes et les hommes, ainsi que de valoriser la diversit\u00e9 et la richesse des cultures f\u00e9minines. L&rsquo;autonomisation des femmes contribue au d\u00e9veloppement humain, \u00e0 la d\u00e9mocratie, \u00e0 la paix et \u00e0 la lutte contre la pauvret\u00e9.<\/p>\n<\/div>\n","protected":false},"excerpt":{"rendered":"<p>Droits humains, acc\u00e8s \u00e0 la justice et \u00e9galit\u00e9 du genre, Les droits humains, l&rsquo;acc\u00e8s \u00e0 la justice et l&rsquo;\u00e9galit\u00e9 du genre sont des principes fondamentaux pour la construction d&rsquo;une soci\u00e9t\u00e9&hellip; <\/p>\n","protected":false},"author":1,"featured_media":0,"parent":0,"menu_order":0,"comment_status":"closed","ping_status":"closed","template":"","meta":{"_monsterinsights_skip_tracking":false,"_monsterinsights_sitenote_active":false,"_monsterinsights_sitenote_note":"","_monsterinsights_sitenote_category":0,"footnotes":""},"aioseo_notices":[],"_links":{"self":[{"href":"https:\/\/caucusdesfemmes.net\/index.php\/wp-json\/wp\/v2\/pages\/34"}],"collection":[{"href":"https:\/\/caucusdesfemmes.net\/index.php\/wp-json\/wp\/v2\/pages"}],"about":[{"href":"https:\/\/caucusdesfemmes.net\/index.php\/wp-json\/wp\/v2\/types\/page"}],"author":[{"embeddable":true,"href":"https:\/\/caucusdesfemmes.net\/index.php\/wp-json\/wp\/v2\/users\/1"}],"replies":[{"embeddable":true,"href":"https:\/\/caucusdesfemmes.net\/index.php\/wp-json\/wp\/v2\/comments?post=34"}],"version-history":[{"count":7,"href":"https:\/\/caucusdesfemmes.net\/index.php\/wp-json\/wp\/v2\/pages\/34\/revisions"}],"predecessor-version":[{"id":123,"href":"https:\/\/caucusdesfemmes.net\/index.php\/wp-json\/wp\/v2\/pages\/34\/revisions\/123"}],"wp:attachment":[{"href":"https:\/\/caucusdesfemmes.net\/index.php\/wp-json\/wp\/v2\/media?parent=34"}],"curies":[{"name":"wp","href":"https:\/\/api.w.org\/{rel}","templated":true}]}}