{"id":30,"date":"2024-01-15T13:31:24","date_gmt":"2024-01-15T12:31:24","guid":{"rendered":"https:\/\/caucusdesfemmes.net\/?page_id=30"},"modified":"2024-01-15T17:46:25","modified_gmt":"2024-01-15T15:46:25","slug":"actualite","status":"publish","type":"page","link":"https:\/\/caucusdesfemmes.net\/index.php\/actualite\/","title":{"rendered":"Nos activit\u00e9s"},"content":{"rendered":"\n<p>Nous sommes une organisation qui \u0153uvre pour la promotion des droits des femmes et la consolidation de la paix. Nous nous appuyons sur les r\u00e9solutions du Conseil de s\u00e9curit\u00e9 des Nations unies, notamment la 1325 et la 2250, qui reconnaissent le r\u00f4le crucial des femmes dans la pr\u00e9vention et la r\u00e9solution des conflits, ainsi que dans la reconstruction post-conflit. Nous encourageons la participation des femmes dans les instances de prise de d\u00e9cision, \u00e0 tous les niveaux, et nous d\u00e9fendons leurs droits humains, l&rsquo;\u00e9galit\u00e9 de genre et la lutte contre les violences bas\u00e9es sur le genre. Nous menons des actions de mobilisation et de dialogue avec les communaut\u00e9s et les \u00e9tudiants, pour sensibiliser sur les enjeux de genre et de gouvernance. Nous accompagnons \u00e9galement les femmes candidates aux \u00e9lections, pour renforcer leur leadership et leur visibilit\u00e9. Enfin, nous r\u00e9alisons des activit\u00e9s de plaidoyer, de recherche et de documentation, pour contribuer \u00e0 la production et \u00e0 la diffusion de connaissances sur les questions de genre et de paix.<\/p>\n","protected":false},"excerpt":{"rendered":"<p>Nous sommes une organisation qui \u0153uvre pour la promotion des droits des femmes et la consolidation de la paix. Nous nous appuyons sur les r\u00e9solutions du Conseil de s\u00e9curit\u00e9 des&hellip; <\/p>\n","protected":false},"author":1,"featured_media":0,"parent":0,"menu_order":0,"comment_status":"closed","ping_status":"closed","template":"","meta":{"_monsterinsights_skip_tracking":false,"_monsterinsights_sitenote_active":false,"_monsterinsights_sitenote_note":"","_monsterinsights_sitenote_category":0,"footnotes":""},"aioseo_notices":[],"_links":{"self":[{"href":"https:\/\/caucusdesfemmes.net\/index.php\/wp-json\/wp\/v2\/pages\/30"}],"collection":[{"href":"https:\/\/caucusdesfemmes.net\/index.php\/wp-json\/wp\/v2\/pages"}],"about":[{"href":"https:\/\/caucusdesfemmes.net\/index.php\/wp-json\/wp\/v2\/types\/page"}],"author":[{"embeddable":true,"href":"https:\/\/caucusdesfemmes.net\/index.php\/wp-json\/wp\/v2\/users\/1"}],"replies":[{"embeddable":true,"href":"https:\/\/caucusdesfemmes.net\/index.php\/wp-json\/wp\/v2\/comments?post=30"}],"version-history":[{"count":3,"href":"https:\/\/caucusdesfemmes.net\/index.php\/wp-json\/wp\/v2\/pages\/30\/revisions"}],"predecessor-version":[{"id":91,"href":"https:\/\/caucusdesfemmes.net\/index.php\/wp-json\/wp\/v2\/pages\/30\/revisions\/91"}],"wp:attachment":[{"href":"https:\/\/caucusdesfemmes.net\/index.php\/wp-json\/wp\/v2\/media?parent=30"}],"curies":[{"name":"wp","href":"https:\/\/api.w.org\/{rel}","templated":true}]}}