{"id":114,"date":"2024-01-18T10:55:56","date_gmt":"2024-01-18T08:55:56","guid":{"rendered":"https:\/\/caucusdesfemmes.net\/?page_id=114"},"modified":"2024-01-18T10:55:58","modified_gmt":"2024-01-18T08:55:58","slug":"notre-vision","status":"publish","type":"page","link":"https:\/\/caucusdesfemmes.net\/index.php\/notre-vision\/","title":{"rendered":"NOTRE VISION"},"content":{"rendered":"\n<p>Une soci\u00e9t\u00e9 o\u00f9 r\u00e8gnent la paix, le respect des droits humains, l\u2019\u00e9galit\u00e9 de genre et l\u2019autonomisation socio \u00e9conomique de la femme gr\u00e2ce \u00e0 son leadership inclusif et efficace.<\/p>\n","protected":false},"excerpt":{"rendered":"<p>Une soci\u00e9t\u00e9 o\u00f9 r\u00e8gnent la paix, le respect des droits humains, l\u2019\u00e9galit\u00e9 de genre et l\u2019autonomisation socio \u00e9conomique de la femme gr\u00e2ce \u00e0 son leadership inclusif et efficace.<\/p>\n","protected":false},"author":2,"featured_media":0,"parent":0,"menu_order":0,"comment_status":"closed","ping_status":"closed","template":"","meta":{"_monsterinsights_skip_tracking":false,"_monsterinsights_sitenote_active":false,"_monsterinsights_sitenote_note":"","_monsterinsights_sitenote_category":0,"footnotes":""},"aioseo_notices":[],"_links":{"self":[{"href":"https:\/\/caucusdesfemmes.net\/index.php\/wp-json\/wp\/v2\/pages\/114"}],"collection":[{"href":"https:\/\/caucusdesfemmes.net\/index.php\/wp-json\/wp\/v2\/pages"}],"about":[{"href":"https:\/\/caucusdesfemmes.net\/index.php\/wp-json\/wp\/v2\/types\/page"}],"author":[{"embeddable":true,"href":"https:\/\/caucusdesfemmes.net\/index.php\/wp-json\/wp\/v2\/users\/2"}],"replies":[{"embeddable":true,"href":"https:\/\/caucusdesfemmes.net\/index.php\/wp-json\/wp\/v2\/comments?post=114"}],"version-history":[{"count":1,"href":"https:\/\/caucusdesfemmes.net\/index.php\/wp-json\/wp\/v2\/pages\/114\/revisions"}],"predecessor-version":[{"id":115,"href":"https:\/\/caucusdesfemmes.net\/index.php\/wp-json\/wp\/v2\/pages\/114\/revisions\/115"}],"wp:attachment":[{"href":"https:\/\/caucusdesfemmes.net\/index.php\/wp-json\/wp\/v2\/media?parent=114"}],"curies":[{"name":"wp","href":"https:\/\/api.w.org\/{rel}","templated":true}]}}