{"id":108,"date":"2024-01-16T08:13:35","date_gmt":"2024-01-16T06:13:35","guid":{"rendered":"https:\/\/caucusdesfemmes.net\/?page_id=108"},"modified":"2024-01-18T11:36:14","modified_gmt":"2024-01-18T09:36:14","slug":"genese","status":"publish","type":"page","link":"https:\/\/caucusdesfemmes.net\/index.php\/genese\/","title":{"rendered":"GENESE"},"content":{"rendered":"\n<p>L\u2019id\u00e9e du Caucus est n\u00e9e d\u2019une rencontre pr\u00e9paratoire de la participation des femmes congolaises au Dialogue Inter Congolais de Sun City (DIC) en 2002. Cette rencontre avait r\u00e9uni les femmes de toutes les provinces du pays (en partition de fait \u00e0 l\u2019\u00e9poque) et de toutes les tendances politiques et id\u00e9ologiques et a \u00e9t\u00e9 sanctionn\u00e9e par une d\u00e9claration commune et un plan d\u2019action des femmes congolaises pour la paix. \u00a0<\/p>\n\n\n\n<p>L\u2019un des objectifs \u00e0 tr\u00e8s court terme de ce plan \u00e9tait d\u2019op\u00e9rationnaliser un Caucus des Femmes aux assises du DIC en vue de l\u2019int\u00e9gration du perspectif genre dans toutes les r\u00e9solutions issues de ce forum.<\/p>\n\n\n\n<p>&nbsp;A Sun City, le Caucus des Femmes Congolaises, a constitu\u00e9 un groupe de pression et de plaidoyer par excellence aupr\u00e8s de toutes les composantes et entit\u00e9s au Dialogue pour atteindre les trois objectifs suivants :<\/p>\n\n\n\n<ul>\n<li>la fin des hostilit\u00e9s<\/li>\n\n\n\n<li>la r\u00e9unification du territoire national<\/li>\n\n\n\n<li>le retrait des troupes \u00e9trang\u00e8res du territoire de la RDC.<\/li>\n<\/ul>\n\n\n\n<p>Les \u00e9nergies r\u00e9unies, et militant pour une cause commune qu\u2019est la paix, les femmes congolaises ont amen\u00e9 les bellig\u00e9rants et parties prenantes au DIC \u00e0 signer l\u2019accord global inclusif. Au cours d\u2019une s\u00e9ance de restitution des acquis de Su City, les femmes du Sud-Kivu ont exprim\u00e9 la n\u00e9cessit\u00e9 de p\u00e9renniser cette exp\u00e9rience et c\u2019est ainsi que le caucus de femmes, comme organisation, a vu le jour en Mars 2003.<\/p>\n","protected":false},"excerpt":{"rendered":"<p>L\u2019id\u00e9e du Caucus est n\u00e9e d\u2019une rencontre pr\u00e9paratoire de la participation des femmes congolaises au Dialogue Inter Congolais de Sun City (DIC) en 2002. Cette rencontre avait r\u00e9uni les femmes&hellip; <\/p>\n","protected":false},"author":1,"featured_media":0,"parent":0,"menu_order":0,"comment_status":"closed","ping_status":"closed","template":"","meta":{"_monsterinsights_skip_tracking":false,"_monsterinsights_sitenote_active":false,"_monsterinsights_sitenote_note":"","_monsterinsights_sitenote_category":0,"footnotes":""},"aioseo_notices":[],"_links":{"self":[{"href":"https:\/\/caucusdesfemmes.net\/index.php\/wp-json\/wp\/v2\/pages\/108"}],"collection":[{"href":"https:\/\/caucusdesfemmes.net\/index.php\/wp-json\/wp\/v2\/pages"}],"about":[{"href":"https:\/\/caucusdesfemmes.net\/index.php\/wp-json\/wp\/v2\/types\/page"}],"author":[{"embeddable":true,"href":"https:\/\/caucusdesfemmes.net\/index.php\/wp-json\/wp\/v2\/users\/1"}],"replies":[{"embeddable":true,"href":"https:\/\/caucusdesfemmes.net\/index.php\/wp-json\/wp\/v2\/comments?post=108"}],"version-history":[{"count":2,"href":"https:\/\/caucusdesfemmes.net\/index.php\/wp-json\/wp\/v2\/pages\/108\/revisions"}],"predecessor-version":[{"id":125,"href":"https:\/\/caucusdesfemmes.net\/index.php\/wp-json\/wp\/v2\/pages\/108\/revisions\/125"}],"wp:attachment":[{"href":"https:\/\/caucusdesfemmes.net\/index.php\/wp-json\/wp\/v2\/media?parent=108"}],"curies":[{"name":"wp","href":"https:\/\/api.w.org\/{rel}","templated":true}]}}